{"id":23,"date":"2014-09-26T17:23:42","date_gmt":"2014-09-26T17:23:42","guid":{"rendered":"http:\/\/192.168.1.104\/enfold-photography\/?page_id=23"},"modified":"2025-01-02T07:53:36","modified_gmt":"2025-01-02T06:53:36","slug":"reservation","status":"publish","type":"page","link":"https:\/\/alte-kuechn.de\/en\/reservation\/","title":{"rendered":"Reservation"},"content":{"rendered":"<div  class='av_gmaps_sc_main_wrap av_gmaps_main_wrap '><div id='av_gmap_0' class='avia-google-map-container avia-google-map-sc av_gmaps_show_unconditionally av-no-fallback-img ' data-mapid='av_gmap_0'  style='padding-bottom: 33.333333333333%;'><a class=\"av_gmaps_browser_disabled av_text_confirm_link av_text_confirm_link_visible\" href=\"https:\/\/www.google.com\/maps\/search\/?api=1&#038;query=Alte%20K\u00fcch\u2019n%20&#038;%20Im%20Keller%20%20Albrecht%20D\u00fcrer%20Stra\u00dfe%203,%2090403%20N\u00fcrnberg%20%20Deutschland\" target=\"_blank\">Aufgrund deiner Datenschutz-Einstellungen k\u00f6nnen wir Ihnen die Karte nicht anzeigen. Klicken Sie hier, um die Karte in einem neuen Fenster zu \u00f6ffnen.<\/a><\/div><\/div>\n\n<style type=\"text\/css\" data-created_by=\"avia_inline_auto\" id=\"style-css-av-hhlg7-3ec48ac40d063bc9858a02f0843afe45\">\n.flex_column.av-hhlg7-3ec48ac40d063bc9858a02f0843afe45{\nborder-radius:0px 0px 0px 0px;\npadding:0px 0px 0px 0px;\n}\n<\/style>\n<div  class='flex_column av-hhlg7-3ec48ac40d063bc9858a02f0843afe45 av_one_half  avia-builder-el-1  el_after_av_google_map  el_before_av_one_half  avia-builder-el-first  first flex_column_div av-zero-column-padding  '     ><p>\n<style type=\"text\/css\" data-created_by=\"avia_inline_auto\" id=\"style-css-av-2ascb-4ae68e98237fc2332c0aaf734d077bbe\">\n#top .av-special-heading.av-2ascb-4ae68e98237fc2332c0aaf734d077bbe{\npadding-bottom:10px;\n}\nbody .av-special-heading.av-2ascb-4ae68e98237fc2332c0aaf734d077bbe .av-special-heading-tag .heading-char{\nfont-size:25px;\n}\n.av-special-heading.av-2ascb-4ae68e98237fc2332c0aaf734d077bbe .av-subheading{\nfont-size:15px;\n}\n<\/style>\n<div  class='av-special-heading av-2ascb-4ae68e98237fc2332c0aaf734d077bbe av-special-heading-h1 blockquote modern-quote  avia-builder-el-2  el_before_av_textblock  avia-builder-el-first '><h1 class='av-special-heading-tag '  itemprop=\"headline\"  >Contact<\/h1><div class=\"special-heading-border\"><div class=\"special-heading-inner-border\"><\/div><\/div><\/div><br \/>\n<section  class='av_textblock_section av-geup3-08193836b617a7f583cc9fd3e3b89bf1 '   itemscope=\"itemscope\" itemtype=\"https:\/\/schema.org\/CreativeWork\" ><div class='avia_textblock'  itemprop=\"text\" ><p><strong><span style=\"color: #ff0000;\">NOTE:\u00a0<\/span><\/strong><\/p>\n<p><span style=\"color: #ff0000;\">Please note that you are only sending an inquiry here, which we still have to confirm.<\/span><\/p>\n<p><span style=\"color: #ff0000;\">Your reservation requests via the form and by e-mail will be processed Mon-Fri between 2 pm and 5 pm. Inquiries outside of this time, please contact us by phone.<\/span><\/p>\n<\/div><\/section><br \/>\n<form action=\"https:\/\/alte-kuechn.de\/en\/reservation\/\" method=\"post\" data-fields-with-error=\"Fehler wurden in folgenden Feld(ern) gefunden:\" class=\"avia_ajax_form av-form-labels-visible   avia-builder-el-4  el_after_av_textblock  avia-builder-el-last   \" data-avia-form-id=\"1\" data-avia-redirect='' ><fieldset><p class='  first_form  form_element form_element_fourth' id='element_avia_1_1'><label for=\"avia_1_1\">Salutation <abbr class=\"required\" title=\"ben\u00f6tigt\">*<\/abbr><\/label><select  name=\"avia_1_1\" class=\"select is_empty\" id=\"avia_1_1\"><option   value='Mr.'>Mr.<\/option><option   value='Ms.'>Ms.<\/option><\/select><\/p><p class='  first_form  form_element form_element_third' id='element_avia_3_1'><label for=\"avia_3_1\">Name <abbr class=\"required\" title=\"ben\u00f6tigt\">*<\/abbr><\/label> <input name=\"avia_3_1\" class=\"text_input is_empty\" type=\"text\" id=\"avia_3_1\" value=\"\" \/><\/p><p class='  form_element form_element_third' id='element_avia_4_1'><label for=\"avia_4_1\">Surname <abbr class=\"required\" title=\"ben\u00f6tigt\">*<\/abbr><\/label> <input name=\"avia_4_1\" class=\"text_input is_empty\" type=\"text\" id=\"avia_4_1\" value=\"\" \/><\/p><p class='  form_element form_element_third' id='element_avia_5_1'><label for=\"avia_5_1\">Company\/association<\/label> <input name=\"avia_5_1\" class=\"text_input \" type=\"text\" id=\"avia_5_1\" value=\"\" \/><\/p><p class='  first_form  form_element form_fullwidth' id='element_avia_6_1'><label for=\"avia_6_1\">Street <abbr class=\"required\" title=\"ben\u00f6tigt\">*<\/abbr><\/label> <input name=\"avia_6_1\" class=\"text_input is_empty\" type=\"text\" id=\"avia_6_1\" value=\"\" \/><\/p><p class='  first_form  form_element form_element_fourth' id='element_avia_7_1'><label for=\"avia_7_1\">ZIP <abbr class=\"required\" title=\"ben\u00f6tigt\">*<\/abbr><\/label> <input name=\"avia_7_1\" class=\"text_input is_number\" type=\"text\" id=\"avia_7_1\" value=\"\" \/><\/p><p class='  form_element form_element_three_fourth' id='element_avia_8_1'><label for=\"avia_8_1\">City <abbr class=\"required\" title=\"ben\u00f6tigt\">*<\/abbr><\/label> <input name=\"avia_8_1\" class=\"text_input is_empty\" type=\"text\" id=\"avia_8_1\" value=\"\" \/><\/p><p class='  first_form  form_element form_element_half' id='element_avia_9_1'><label for=\"avia_9_1\">E-Mail <abbr class=\"required\" title=\"ben\u00f6tigt\">*<\/abbr><\/label> <input name=\"avia_9_1\" class=\"text_input is_email\" type=\"text\" id=\"avia_9_1\" value=\"\" \/><\/p><p class='  form_element form_element_half' id='element_avia_10_1'><label for=\"avia_10_1\">Phone <abbr class=\"required\" title=\"ben\u00f6tigt\">*<\/abbr><\/label> <input name=\"avia_10_1\" class=\"text_input is_phone\" type=\"text\" id=\"avia_10_1\" value=\"\" \/><\/p><p class='  first_form  form_element form_element_half' id='element_avia_11_1'><label for=\"avia_11_1\">Subject <abbr class=\"required\" title=\"ben\u00f6tigt\">*<\/abbr><\/label><select  name=\"avia_11_1\" class=\"select is_empty\" id=\"avia_11_1\"><option   value='Reservierung'>Reservierung<\/option><option   value='Terminanfrage'>Terminanfrage<\/option><\/select><\/p><p class='  form_element form_element_half' id='element_avia_12_1'><label for=\"avia_12_1\">Location <abbr class=\"required\" title=\"ben\u00f6tigt\">*<\/abbr><\/label><select  name=\"avia_12_1\" class=\"select is_empty\" id=\"avia_12_1\"><option   value='Alte K\u00fcch\u2019n (Old Kitchen)'>Alte K\u00fcch\u2019n (Old Kitchen)<\/option><option   value='Im Keller (The Vault)'>Im Keller (The Vault)<\/option><\/select><\/p><p class='  first_form  form_element form_element_fourth' id='element_avia_13_1'><label for=\"avia_13_1\">Date <abbr class=\"required\" title=\"ben\u00f6tigt\">*<\/abbr><\/label> <input name=\"avia_13_1\" class=\"avia_datepicker text_input is_empty\" type=\"text\" id=\"avia_13_1\" value=\"\" placeholder=\"DD \/ MM \/ YY\" inputmode=\"none\" \/><\/p><p class='  form_element form_element_fourth' id='element_avia_14_1'><label for=\"avia_14_1\">Time <abbr class=\"required\" title=\"ben\u00f6tigt\">*<\/abbr><\/label> <input name=\"avia_14_1\" class=\"text_input is_empty\" type=\"text\" id=\"avia_14_1\" value=\"\" \/><\/p><p class='  form_element form_element_fourth' id='element_avia_15_1'><label for=\"avia_15_1\">Persons <abbr class=\"required\" title=\"ben\u00f6tigt\">*<\/abbr><\/label> <input name=\"avia_15_1\" class=\"text_input is_empty\" type=\"text\" id=\"avia_15_1\" value=\"\" \/><\/p><p class='  form_element form_element_fourth' id='element_avia_16_1'><label for=\"avia_16_1\">Meal <abbr class=\"required\" title=\"ben\u00f6tigt\">*<\/abbr><\/label><select  name=\"avia_16_1\" class=\"select is_empty\" id=\"avia_16_1\"><option   value='\u00c0 la carte'>\u00c0 la carte<\/option><option   value='Menu'>Menu<\/option><option   value='Knight\u2019s or Emperor\u2019s Banquet'>Knight\u2019s or Emperor\u2019s Banquet<\/option><\/select><\/p><p class='  first_form  form_element form_fullwidth' id='element_avia_17_1'><label for=\"avia_17_1\" class=\"textare_label hidden textare_label_avia_17_1\">Message <abbr class=\"required\" title=\"ben\u00f6tigt\">*<\/abbr><\/label><textarea  name=\"avia_17_1\" class=\"text_area is_empty\" cols=\"40\" rows=\"7\" id=\"avia_17_1\" ><\/textarea><\/p><p class='  first_form  form_element form_fullwidth' id='element_avia_18_1'><input  name=\"avia_18_1\" class=\"input_checkbox \" type=\"checkbox\" id=\"avia_18_1\" value=\"true\"\/><label class=\"input_checkbox_label\" for=\"avia_18_1\">Please call me back<\/label><\/p><p class='  first_form  form_element form_fullwidth' id='element_avia_19_1'><input  name=\"avia_19_1\" class=\"input_checkbox \" type=\"checkbox\" id=\"avia_19_1\" value=\"true\"\/><label class=\"input_checkbox_label\" for=\"avia_19_1\">Please send me your menu suggestions, knight\u2019s banquet and main prospects<\/label><\/p><p class='  first_form  form_element form_fullwidth av-last-visible-form-element' id='element_avia_20_1'><input  name=\"avia_20_1\" class=\"input_checkbox is_empty\" type=\"checkbox\" id=\"avia_20_1\" value=\"true\"\/><label class=\"input_checkbox_label\" for=\"avia_20_1\"> The data sent will be processed only for the purpose of processing your request. More information can be found in our <a href=\"https:\/\/alte-kuechn.de\/en\/privacy-policy\">privacy policy<\/a> <abbr class=\"required\" title=\"ben\u00f6tigt\">*<\/abbr><\/label><\/p><p class=\"hidden\"><input type=\"text\" name=\"avia_21_1\" class=\"hidden \" id=\"avia_21_1\" value=\"\" \/><\/p><p class=\"form_element \"><input type=\"hidden\" value=\"1\" name=\"avia_generated_form1\" \/><input type=\"submit\" value=\"Send inquiry\" class=\"button\"  data-sending-label=\"Sende\"\/><\/p><\/fieldset><\/form><div id=\"ajaxresponse_1\" class=\"ajaxresponse ajaxresponse_1 hidden\"><\/div><\/p><\/div>\n\n<style type=\"text\/css\" data-created_by=\"avia_inline_auto\" id=\"style-css-av-4an83-01d115ed302b3eef01bdfe446fd54701\">\n.flex_column.av-4an83-01d115ed302b3eef01bdfe446fd54701{\nborder-radius:0px 0px 0px 0px;\npadding:0px 0px 0px 0px;\n}\n<\/style>\n<div  class='flex_column av-4an83-01d115ed302b3eef01bdfe446fd54701 av_one_half  avia-builder-el-5  el_after_av_one_half  avia-builder-el-last  flex_column_div av-zero-column-padding  '     ><p>\n<style type=\"text\/css\" data-created_by=\"avia_inline_auto\" id=\"style-css-av-dchv-c1a4186a4518ea5018099805f14074ce\">\n#top .av-special-heading.av-dchv-c1a4186a4518ea5018099805f14074ce{\npadding-bottom:10px;\n}\nbody .av-special-heading.av-dchv-c1a4186a4518ea5018099805f14074ce .av-special-heading-tag .heading-char{\nfont-size:25px;\n}\n.av-special-heading.av-dchv-c1a4186a4518ea5018099805f14074ce .av-subheading{\nfont-size:15px;\n}\n<\/style>\n<div  class='av-special-heading av-dchv-c1a4186a4518ea5018099805f14074ce av-special-heading-h2 blockquote modern-quote  avia-builder-el-6  el_before_av_textblock  avia-builder-el-first '><h2 class='av-special-heading-tag '  itemprop=\"headline\"  >Alte K\u00fcch\u2019n <span class='special_amp'>&amp;<\/span> Im Keller<\/h2><div class=\"special-heading-border\"><div class=\"special-heading-inner-border\"><\/div><\/div><\/div><br \/>\n<section  class='av_textblock_section av-3k04b-3d5aa6580abb5af17142387bb44a6c88 '   itemscope=\"itemscope\" itemtype=\"https:\/\/schema.org\/CreativeWork\" ><div class='avia_textblock'  itemprop=\"text\" ><p>Albrecht D\u00fcrer Stra\u00dfe 3<br \/>\nD-90403 N\u00fcrnberg<\/p>\n<p>Phone: +49 911 20 38 26<br \/>\nFax: +49 911 24 18 117<br \/>\nE\u2011Mail: info@alte-kueche.de<\/p>\n<\/div><\/section><br \/>\n\n<style type=\"text\/css\" data-created_by=\"avia_inline_auto\" id=\"style-css-av-2nnaz-0f60e64f86688f50aa7be63976bb6fb8\">\n#top .av-special-heading.av-2nnaz-0f60e64f86688f50aa7be63976bb6fb8{\npadding-bottom:10px;\n}\nbody .av-special-heading.av-2nnaz-0f60e64f86688f50aa7be63976bb6fb8 .av-special-heading-tag .heading-char{\nfont-size:25px;\n}\n.av-special-heading.av-2nnaz-0f60e64f86688f50aa7be63976bb6fb8 .av-subheading{\nfont-size:15px;\n}\n<\/style>\n<div  class='av-special-heading av-2nnaz-0f60e64f86688f50aa7be63976bb6fb8 av-special-heading-h2 blockquote modern-quote  avia-builder-el-8  el_after_av_textblock  el_before_av_textblock '><h2 class='av-special-heading-tag '  itemprop=\"headline\"  >Opening hours<\/h2><div class=\"special-heading-border\"><div class=\"special-heading-inner-border\"><\/div><\/div><\/div><br \/>\n<section  class='av_textblock_section av-23irn-56d6189d6f1a281d74a80352b8514245 '   itemscope=\"itemscope\" itemtype=\"https:\/\/schema.org\/CreativeWork\" ><div class='avia_textblock'  itemprop=\"text\" ><p>Daily open from 5.30 pm to 12.00 pm, for groups also during the day.<\/p>\n<\/div><\/section><br \/>\n\n<style type=\"text\/css\" data-created_by=\"avia_inline_auto\" id=\"style-css-av-1hbjf-a7dedceae7b089616b6ab3508811aeab\">\n#top .av-special-heading.av-1hbjf-a7dedceae7b089616b6ab3508811aeab{\npadding-bottom:10px;\n}\nbody .av-special-heading.av-1hbjf-a7dedceae7b089616b6ab3508811aeab .av-special-heading-tag .heading-char{\nfont-size:25px;\n}\n.av-special-heading.av-1hbjf-a7dedceae7b089616b6ab3508811aeab .av-subheading{\nfont-size:15px;\n}\n<\/style>\n<div  class='av-special-heading av-1hbjf-a7dedceae7b089616b6ab3508811aeab av-special-heading-h2 blockquote modern-quote  avia-builder-el-10  el_after_av_textblock  el_before_av_textblock '><h2 class='av-special-heading-tag '  itemprop=\"headline\"  >Groups<\/h2><div class=\"special-heading-border\"><div class=\"special-heading-inner-border\"><\/div><\/div><\/div><br \/>\n<section  class='av_textblock_section av-cwj-e95ac2067ac7d0e0f8da21ecc3c1ae91 '   itemscope=\"itemscope\" itemtype=\"https:\/\/schema.org\/CreativeWork\" ><div class='avia_textblock'  itemprop=\"text\" ><p>Up to 50 people can be served in our restaurant. Reservations can be made from 2.00 pm onward.<\/p>\n<\/div><\/section><\/p><\/div>\n","protected":false},"excerpt":{"rendered":"","protected":false},"author":1,"featured_media":0,"parent":0,"menu_order":0,"comment_status":"open","ping_status":"open","template":"","meta":{"footnotes":""},"class_list":["post-23","page","type-page","status-publish","hentry"],"yoast_head":"<!-- This site is optimized with the Yoast SEO plugin v27.3 - https:\/\/yoast.com\/product\/yoast-seo-wordpress\/ -->\n<title>Reservation &#8212; Alte K\u00fcch\u2019n &amp; Im Keller | Historic restaurant in the heart of Nuremberg\u2019s old town<\/title>\n<meta name=\"description\" content=\"Come in or book online your seat at the Alte K\u00fcch\u2019n &amp; Im Keller the historic restaurant in the heart of Nuremberg\u2019s old town. Your reservation requests via the form and by e-mail will be processed Mon-Fri between 14:00 and 17:00. Inquiries outside of this time, please contact us by phone or use our online reservation.\" \/>\n<meta name=\"robots\" content=\"index, follow, max-snippet:-1, max-image-preview:large, max-video-preview:-1\" \/>\n<link rel=\"canonical\" href=\"https:\/\/alte-kuechn.de\/en\/reservation\/\" \/>\n<meta property=\"og:locale\" content=\"de_DE\" \/>\n<meta property=\"og:type\" content=\"article\" \/>\n<meta property=\"og:title\" content=\"Reservation &#8212; Alte K\u00fcch\u2019n &amp; Im Keller | Historic restaurant in the heart of Nuremberg\u2019s old town\" \/>\n<meta property=\"og:description\" content=\"Come in or book online your seat at the Alte K\u00fcch\u2019n &amp; Im Keller the historic restaurant in the heart of Nuremberg\u2019s old town. Your reservation requests via the form and by e-mail will be processed Mon-Fri between 14:00 and 17:00. Inquiries outside of this time, please contact us by phone or use our online reservation.\" \/>\n<meta property=\"og:url\" content=\"https:\/\/alte-kuechn.de\/en\/reservation\/\" \/>\n<meta property=\"og:site_name\" content=\"EN Alte K\u00fcch\u2019n\u00a0&amp; Im\u00a0Keller\" \/>\n<meta property=\"article:modified_time\" content=\"2025-01-02T06:53:36+00:00\" \/>\n<meta name=\"twitter:card\" content=\"summary_large_image\" \/>\n<meta name=\"twitter:label1\" content=\"Gesch\u00e4tzte Lesezeit\" \/>\n\t<meta name=\"twitter:data1\" content=\"4\u00a0Minuten\" \/>\n<script type=\"application\/ld+json\" class=\"yoast-schema-graph\">{\"@context\":\"https:\\\/\\\/schema.org\",\"@graph\":[{\"@type\":\"WebPage\",\"@id\":\"https:\\\/\\\/alte-kuechn.de\\\/en\\\/reservation\\\/\",\"url\":\"https:\\\/\\\/alte-kuechn.de\\\/en\\\/reservation\\\/\",\"name\":\"Reservation &#8212; Alte K\u00fcch\u2019n & Im Keller | Historic restaurant in the heart of Nuremberg\u2019s old town\",\"isPartOf\":{\"@id\":\"https:\\\/\\\/alte-kuechn.de\\\/en\\\/#website\"},\"datePublished\":\"2014-09-26T17:23:42+00:00\",\"dateModified\":\"2025-01-02T06:53:36+00:00\",\"description\":\"Come in or book online your seat at the Alte K\u00fcch\u2019n & Im Keller the historic restaurant in the heart of Nuremberg\u2019s old town. Your reservation requests via the form and by e-mail will be processed Mon-Fri between 14:00 and 17:00. Inquiries outside of this time, please contact us by phone or use our online reservation.\",\"breadcrumb\":{\"@id\":\"https:\\\/\\\/alte-kuechn.de\\\/en\\\/reservation\\\/#breadcrumb\"},\"inLanguage\":\"de\",\"potentialAction\":[{\"@type\":\"ReadAction\",\"target\":[\"https:\\\/\\\/alte-kuechn.de\\\/en\\\/reservation\\\/\"]}]},{\"@type\":\"BreadcrumbList\",\"@id\":\"https:\\\/\\\/alte-kuechn.de\\\/en\\\/reservation\\\/#breadcrumb\",\"itemListElement\":[{\"@type\":\"ListItem\",\"position\":1,\"name\":\"Startseite\",\"item\":\"https:\\\/\\\/alte-kuechn.de\\\/en\\\/\"},{\"@type\":\"ListItem\",\"position\":2,\"name\":\"Reservation\"}]},{\"@type\":\"WebSite\",\"@id\":\"https:\\\/\\\/alte-kuechn.de\\\/en\\\/#website\",\"url\":\"https:\\\/\\\/alte-kuechn.de\\\/en\\\/\",\"name\":\"EN Alte K\u00fcch\u2019n\u00a0&amp; Im\u00a0Keller\",\"description\":\"Historic restaurant in the heart of Nuremberg\u2019s old town\",\"potentialAction\":[{\"@type\":\"SearchAction\",\"target\":{\"@type\":\"EntryPoint\",\"urlTemplate\":\"https:\\\/\\\/alte-kuechn.de\\\/en\\\/?s={search_term_string}\"},\"query-input\":{\"@type\":\"PropertyValueSpecification\",\"valueRequired\":true,\"valueName\":\"search_term_string\"}}],\"inLanguage\":\"de\"}]}<\/script>\n<!-- \/ Yoast SEO plugin. -->","yoast_head_json":{"title":"Reservation &#8212; Alte K\u00fcch\u2019n & Im Keller | Historic restaurant in the heart of Nuremberg\u2019s old town","description":"Come in or book online your seat at the Alte K\u00fcch\u2019n & Im Keller the historic restaurant in the heart of Nuremberg\u2019s old town. Your reservation requests via the form and by e-mail will be processed Mon-Fri between 14:00 and 17:00. Inquiries outside of this time, please contact us by phone or use our online reservation.","robots":{"index":"index","follow":"follow","max-snippet":"max-snippet:-1","max-image-preview":"max-image-preview:large","max-video-preview":"max-video-preview:-1"},"canonical":"https:\/\/alte-kuechn.de\/en\/reservation\/","og_locale":"de_DE","og_type":"article","og_title":"Reservation &#8212; Alte K\u00fcch\u2019n & Im Keller | Historic restaurant in the heart of Nuremberg\u2019s old town","og_description":"Come in or book online your seat at the Alte K\u00fcch\u2019n & Im Keller the historic restaurant in the heart of Nuremberg\u2019s old town. Your reservation requests via the form and by e-mail will be processed Mon-Fri between 14:00 and 17:00. Inquiries outside of this time, please contact us by phone or use our online reservation.","og_url":"https:\/\/alte-kuechn.de\/en\/reservation\/","og_site_name":"EN Alte K\u00fcch\u2019n\u00a0&amp; Im\u00a0Keller","article_modified_time":"2025-01-02T06:53:36+00:00","twitter_card":"summary_large_image","twitter_misc":{"Gesch\u00e4tzte Lesezeit":"4\u00a0Minuten"},"schema":{"@context":"https:\/\/schema.org","@graph":[{"@type":"WebPage","@id":"https:\/\/alte-kuechn.de\/en\/reservation\/","url":"https:\/\/alte-kuechn.de\/en\/reservation\/","name":"Reservation &#8212; Alte K\u00fcch\u2019n & Im Keller | Historic restaurant in the heart of Nuremberg\u2019s old town","isPartOf":{"@id":"https:\/\/alte-kuechn.de\/en\/#website"},"datePublished":"2014-09-26T17:23:42+00:00","dateModified":"2025-01-02T06:53:36+00:00","description":"Come in or book online your seat at the Alte K\u00fcch\u2019n & Im Keller the historic restaurant in the heart of Nuremberg\u2019s old town. Your reservation requests via the form and by e-mail will be processed Mon-Fri between 14:00 and 17:00. Inquiries outside of this time, please contact us by phone or use our online reservation.","breadcrumb":{"@id":"https:\/\/alte-kuechn.de\/en\/reservation\/#breadcrumb"},"inLanguage":"de","potentialAction":[{"@type":"ReadAction","target":["https:\/\/alte-kuechn.de\/en\/reservation\/"]}]},{"@type":"BreadcrumbList","@id":"https:\/\/alte-kuechn.de\/en\/reservation\/#breadcrumb","itemListElement":[{"@type":"ListItem","position":1,"name":"Startseite","item":"https:\/\/alte-kuechn.de\/en\/"},{"@type":"ListItem","position":2,"name":"Reservation"}]},{"@type":"WebSite","@id":"https:\/\/alte-kuechn.de\/en\/#website","url":"https:\/\/alte-kuechn.de\/en\/","name":"EN Alte K\u00fcch\u2019n\u00a0&amp; Im\u00a0Keller","description":"Historic restaurant in the heart of Nuremberg\u2019s old town","potentialAction":[{"@type":"SearchAction","target":{"@type":"EntryPoint","urlTemplate":"https:\/\/alte-kuechn.de\/en\/?s={search_term_string}"},"query-input":{"@type":"PropertyValueSpecification","valueRequired":true,"valueName":"search_term_string"}}],"inLanguage":"de"}]}},"_links":{"self":[{"href":"https:\/\/alte-kuechn.de\/en\/wp-json\/wp\/v2\/pages\/23","targetHints":{"allow":["GET"]}}],"collection":[{"href":"https:\/\/alte-kuechn.de\/en\/wp-json\/wp\/v2\/pages"}],"about":[{"href":"https:\/\/alte-kuechn.de\/en\/wp-json\/wp\/v2\/types\/page"}],"author":[{"embeddable":true,"href":"https:\/\/alte-kuechn.de\/en\/wp-json\/wp\/v2\/users\/1"}],"replies":[{"embeddable":true,"href":"https:\/\/alte-kuechn.de\/en\/wp-json\/wp\/v2\/comments?post=23"}],"version-history":[{"count":10,"href":"https:\/\/alte-kuechn.de\/en\/wp-json\/wp\/v2\/pages\/23\/revisions"}],"predecessor-version":[{"id":1184,"href":"https:\/\/alte-kuechn.de\/en\/wp-json\/wp\/v2\/pages\/23\/revisions\/1184"}],"wp:attachment":[{"href":"https:\/\/alte-kuechn.de\/en\/wp-json\/wp\/v2\/media?parent=23"}],"curies":[{"name":"wp","href":"https:\/\/api.w.org\/{rel}","templated":true}]}}